{"id":21,"date":"2023-03-02T10:32:24","date_gmt":"2023-03-02T10:32:24","guid":{"rendered":"https:\/\/staging.schneiders.ca\/fr\/?page_id=21"},"modified":"2025-02-28T20:57:20","modified_gmt":"2025-02-28T20:57:20","slug":"notre-histoire","status":"publish","type":"page","link":"https:\/\/schneiders.ca\/fr\/notre-histoire\/","title":{"rendered":"Notre histoire"},"content":{"rendered":"\n<div class=\"wp-block-cover alignfull is-light is-style-hero\" style=\"min-height:611px;aspect-ratio:unset;\"><span aria-hidden=\"true\" class=\"wp-block-cover__background has-background-dim\"><\/span><img decoding=\"async\" class=\"wp-block-cover__image-background wp-image-537\" alt=\"\" src=\"https:\/\/schneiders.ca\/wp-content\/uploads\/sites\/13\/2023\/04\/720x720_Image3_1890-Schneider-on-a-Horse@2x-scaled.jpg\" style=\"object-position:52% 88%\" data-object-fit=\"cover\" data-object-position=\"52% 88%\"\/><div class=\"wp-block-cover__inner-container is-layout-flow wp-block-cover-is-layout-flow\">\n<h1 class=\"wp-block-heading has-text-align-center has-white-color has-text-color has-h-1-font-size\" style=\"font-style:normal;font-weight:700\"><strong>Notre histoire<\/strong><\/h1>\n\n\n\n<p class=\"has-text-align-center has-white-color has-text-color has-leading-paragraph-font-size\">Fiert\u00e9 canadienne pendant 135 ans \u2013 <br>Un h\u00e9ritage de qualit\u00e9 artisanale qui se perp\u00e9tue.<\/p>\n<\/div><\/div>\n\n\n\n<div class=\"wp-block-group is-layout-constrained wp-container-core-group-is-layout-1 wp-block-group-is-layout-constrained\">\t<style type=\"text\/css\">\n\t\t.wp-block-tk-spacer.id-6a280c2e-eb53-4ab4-92db-6ee2262f8200 {\n\t\theight: 100px;\n\t}\n\n\t@media ( max-width: 640px ) {\n\t\t.wp-block-tk-spacer.id-6a280c2e-eb53-4ab4-92db-6ee2262f8200 {\n\t\t\theight: 1px;\n\t\t}\n\t}\t<\/style>\n\t<div class=\"wp-block-tk-spacer id-6a280c2e-eb53-4ab4-92db-6ee2262f8200\" aria-hidden=\"true\"><\/div>\n\t\n\n\n<h2 class=\"wp-block-heading has-text-align-center has-h-2-font-size\"><strong>Les d\u00e9buts<\/strong><\/h2>\n\n\n\n<p class=\"has-text-align-center has-body-font-size\">Notre histoire canadienne a commenc\u00e9 en 1890. Depuis le d\u00e9but, nous nous sommes concentr\u00e9s sur des produits de qualit\u00e9 con\u00e7us selon des recettes authentiques et familiales, suivant les attentes de nos clients. Les attentes sont toujours les m\u00eames aujourd\u2019hui.<\/p>\n\n\n\t<style type=\"text\/css\">\n\t\t.wp-block-tk-spacer.id-9bc56c2b-7997-4693-a945-c7cae0f6928a {\n\t\theight: 135px;\n\t}\n\n\t@media ( max-width: 640px ) {\n\t\t.wp-block-tk-spacer.id-9bc56c2b-7997-4693-a945-c7cae0f6928a {\n\t\t\theight: 1px;\n\t\t}\n\t}\t<\/style>\n\t<div class=\"wp-block-tk-spacer id-9bc56c2b-7997-4693-a945-c7cae0f6928a\" aria-hidden=\"true\"><\/div>\n\t<\/div>\n\n\n\n<div class=\"wp-block-group is-layout-constrained wp-block-group-is-layout-constrained\">\n<div class=\"wp-block-schneiders-blocks-timeline\">\n<div class=\"wp-block-schneiders-blocks-timeline-entry\"><div class=\"date-item-wrapper\"><h2 class=\"date-item\">1890<\/h2><\/div><div class=\"timeline-content timeline-content-row-reverse\"><div class=\"media-block\"><img decoding=\"async\" src=\"https:\/\/schneiders.ca\/wp-content\/uploads\/sites\/13\/2023\/04\/01.png\" alt=\"\"\/><\/div><div class=\"description-block\"><span class=\"index\">01<\/span>\n<h3 class=\"wp-block-heading has-h-3-font-size\"><strong>La maison J.M. Schneider<\/strong><\/h3>\n\n\n\n<p class=\"has-body-font-size\">Les premiers clients satisfaits de J.M. \u00e9taient ses propres voisins. Il a commenc\u00e9 \u00e0 vendre des saucisses, fabriqu\u00e9es selon les recettes familiales, dans sa maison de l&rsquo;avenue Courtland.<\/p>\n<\/div><\/div><\/div>\n\n\n\n<div class=\"wp-block-schneiders-blocks-timeline-entry\"><div class=\"date-item-wrapper\"><h2 class=\"date-item\">1903<\/h2><\/div><div class=\"timeline-content timeline-content-row-reverse\"><div class=\"media-block\"><img decoding=\"async\" src=\"https:\/\/schneiders.ca\/wp-content\/uploads\/sites\/13\/2023\/04\/02.png\" alt=\"\"\/><\/div><div class=\"description-block\"><span class=\"index\">02<\/span>\n<h3 class=\"wp-block-heading has-h-3-font-size\"><strong>Livraison \u00e0 cheval<\/strong><\/h3>\n\n\n\n<p class=\"has-body-font-size\">En raison de la forte demande, toute la famille, y compris le fils de J.M., Herbert (montr\u00e9 ici), a d\u00fb aider \u00e0 livrer les saucisses aux bouchers et m\u00eame aux maisons des clients.<\/p>\n<\/div><\/div><\/div>\n\n\n\n<div class=\"wp-block-schneiders-blocks-timeline-entry\"><div class=\"date-item-wrapper\"><h2 class=\"date-item\">1925<\/h2><\/div><div class=\"timeline-content timeline-content-row-reverse\"><div class=\"media-block\"><img decoding=\"async\" src=\"https:\/\/schneiders.ca\/wp-content\/uploads\/sites\/13\/2023\/04\/03.png\" alt=\"\"\/><\/div><div class=\"description-block\"><span class=\"index\">03<\/span>\n<h3 class=\"wp-block-heading has-h-3-font-size\"><strong>Ouverture de la nouvelle usine sur l\u2019avenue Courtland \u00e0 Kitchener<\/strong><\/h3>\n\n\n\n<p>Le succ\u00e8s a permis \u00e0 J.M. d&rsquo;\u00e9tendre ses activit\u00e9s dans une toute nouvelle usine situ\u00e9e sur l&rsquo;avenue Courtland \u00e0 Kitchener. Toute la ville a \u00e9t\u00e9 invit\u00e9e \u00e0 l&rsquo;inauguration.<\/p>\n<\/div><\/div><\/div>\n\n\n\n<div class=\"wp-block-schneiders-blocks-timeline-entry\"><div class=\"date-item-wrapper\"><h2 class=\"date-item\">1930<\/h2><\/div><div class=\"timeline-content timeline-content-row-reverse\"><div class=\"media-block\"><img decoding=\"async\" src=\"https:\/\/schneiders.ca\/wp-content\/uploads\/sites\/13\/2023\/04\/04.png\" alt=\"\"\/><\/div><div class=\"description-block\"><span class=\"index\">04<\/span>\n<h3 class=\"wp-block-heading has-h-3-font-size\"><strong>Livres de recettes datant de la Grande D\u00e9pression<\/strong><\/h3>\n\n\n\n<p class=\"has-body-font-size\">Pendant les ann\u00e9es difficiles de la Grande D\u00e9pression, Schneiders<sup>\u00ae<\/sup> a publi\u00e9 des livres de recettes pour montrer des fa\u00e7ons app\u00e9tissantes de nourrir une famille, m\u00eame avec un budget tr\u00e8s restreint.<\/p>\n<\/div><\/div><\/div>\n\n\n\n<div class=\"wp-block-schneiders-blocks-timeline-entry\"><div class=\"date-item-wrapper\"><h2 class=\"date-item\">1932<\/h2><\/div><div class=\"timeline-content timeline-content-row-reverse\"><div class=\"media-block\"><img decoding=\"async\" src=\"https:\/\/schneiders.ca\/wp-content\/uploads\/sites\/13\/2023\/04\/05.png\" alt=\"\"\/><\/div><div class=\"description-block\"><span class=\"index\">05<\/span>\n<h3 class=\"wp-block-heading has-h-3-font-size\"><strong>Salle de pr\u00e9paration des saucisses et saucissons<\/strong><\/h3>\n\n\n\n<p class=\"has-body-font-size\">Schneiders<sup>\u00ae<\/sup> a \u00e9largi sa gamme de saucisses \u00e0 16 recettes distinctes. Beaucoup d&rsquo;entre elles ont \u00e9t\u00e9 \u00e9labor\u00e9es par Wilhem Rohler, l&rsquo;un des bouchers form\u00e9s en Allemagne.<\/p>\n<\/div><\/div><\/div>\n\n\n\n<div class=\"wp-block-schneiders-blocks-timeline-entry\"><div class=\"date-item-wrapper\"><h2 class=\"date-item\">1932<\/h2><\/div><div class=\"timeline-content timeline-content-row-reverse\"><div class=\"media-block\"><img decoding=\"async\" src=\"https:\/\/schneiders.ca\/wp-content\/uploads\/sites\/13\/2023\/04\/06.png\" alt=\"\"\/><\/div><div class=\"description-block\"><span class=\"index\">06<\/span>\n<h3 class=\"wp-block-heading has-h-3-font-size\"><strong>Comment nous sommes arriv\u00e9s \u00e0 notre couleur de marque<\/strong><\/h3>\n\n\n\n<p>La tour d&rsquo;eau de l&rsquo;usine \u00e9tait orange vif, gr\u00e2ce \u00e0 une peinture antirouille. Elle \u00e9tait si reconnaissable qu&rsquo;elle est devenue l&rsquo;une des couleurs officielles de Schneiders<sup>\u00ae<\/sup>.<\/p>\n<\/div><\/div><\/div>\n\n\n\n<div class=\"wp-block-schneiders-blocks-timeline-entry\"><div class=\"date-item-wrapper\"><h2 class=\"date-item\">1950<\/h2><\/div><div class=\"timeline-content timeline-content-row-reverse\"><div class=\"media-block\"><img decoding=\"async\" src=\"https:\/\/schneiders.ca\/wp-content\/uploads\/sites\/13\/2023\/04\/07.png\" alt=\"\"\/><\/div><div class=\"description-block\"><span class=\"index\">07<\/span>\n<h3 class=\"wp-block-heading has-h-3-font-size\"><strong>Les produits Schneiders<sup>\u00ae<\/sup> en 1950<\/strong><\/h3>\n\n\n\n<p class=\"has-body-font-size\">Au fur et \u00e0 mesure que Schneiders<sup>\u00ae<\/sup> s&rsquo;est d\u00e9velopp\u00e9, sa gamme de produits s&rsquo;est \u00e9tendue. Les recettes comprenaient du porc, du b\u0153uf, du veau, de l&rsquo;agneau et de la volaille &#8211;&nbsp;\u00ab Pour chaque repas de la journ\u00e9e \u00bb, comme l&rsquo;indique cette annonce.<\/p>\n<\/div><\/div><\/div>\n\n\n\n<div class=\"wp-block-schneiders-blocks-timeline-entry\"><div class=\"date-item-wrapper\"><h2 class=\"date-item\">1956<\/h2><\/div><div class=\"timeline-content timeline-content-row-reverse\"><div class=\"media-block\"><img decoding=\"async\" src=\"https:\/\/schneiders.ca\/wp-content\/uploads\/sites\/13\/2023\/04\/08.png\" alt=\"\"\/><\/div><div class=\"description-block\"><span class=\"index\">08<\/span>\n<h3 class=\"wp-block-heading has-h-3-font-size\"><strong>Les recettes de recherche et d\u00e9veloppement Schneiders<\/strong><\/h3>\n\n\n\n<p class=\"has-body-font-size\">Une page bien us\u00e9e du livre de recettes de Schneiders<sup>\u00ae<\/sup>, montrant les \u00e9pices classiques comme le paprika et la coriandre que les bouchers utilisaient pour faire le saucisson de bologne.<\/p>\n<\/div><\/div><\/div>\n\n\n\n<div class=\"wp-block-schneiders-blocks-timeline-entry\"><div class=\"date-item-wrapper\"><h2 class=\"date-item\">1959<\/h2><\/div><div class=\"timeline-content timeline-content-row-reverse\"><div class=\"media-block\"><img decoding=\"async\" src=\"https:\/\/schneiders.ca\/wp-content\/uploads\/sites\/13\/2023\/04\/09.png\" alt=\"\"\/><\/div><div class=\"description-block\"><span class=\"index\">09<\/span>\n<h3 class=\"wp-block-heading has-h-3-font-size\"><strong>Affiches de la P\u2019tite hollandaise Schneiders<sup>\u00ae<\/sup><\/strong><\/h3>\n\n\n\n<p class=\"has-body-font-size\">Une affiche de magasin pour Schneiders<sup>\u00ae<\/sup> mettait en \u00e9vidence la d\u00e9sormais c\u00e9l\u00e8bre petite Hollandaise, dont la marque de commerce a \u00e9t\u00e9 d\u00e9pos\u00e9e en 1955.<\/p>\n<\/div><\/div><\/div>\n\n\n\n<div class=\"wp-block-schneiders-blocks-timeline-entry\"><div class=\"date-item-wrapper\"><h2 class=\"date-item\">1965<\/h2><\/div><div class=\"timeline-content timeline-content-row-reverse\"><div class=\"media-block\"><img decoding=\"async\" src=\"https:\/\/schneiders.ca\/wp-content\/uploads\/sites\/13\/2023\/04\/10.png\" alt=\"\"\/><\/div><div class=\"description-block\"><span class=\"index\">10<\/span>\n<h3 class=\"wp-block-heading has-h-3-font-size\"><strong>Produits au moment du 75<sup>e<\/sup> anniversaire<\/strong><\/h3>\n\n\n\n<p class=\"has-body-font-size\">\u00c0 75 ans, Schneiders<sup>\u00ae<\/sup> proposait une gamme de plus de 250 produits de style europ\u00e9en. Cela comprenait plus de 55 diff\u00e9rentes vari\u00e9t\u00e9s de saucissons!<\/p>\n<\/div><\/div><\/div>\n\n\n\n<div class=\"wp-block-schneiders-blocks-timeline-entry\"><div class=\"date-item-wrapper\"><h2 class=\"date-item\">1983<\/h2><\/div><div class=\"timeline-content timeline-content-row-reverse\"><div class=\"media-block\"><img decoding=\"async\" src=\"https:\/\/schneiders.ca\/wp-content\/uploads\/sites\/13\/2023\/04\/11.png\" alt=\"\"\/><\/div><div class=\"description-block\"><span class=\"index\">11<\/span>\n<h3 class=\"wp-block-heading has-h-3-font-size\"><strong>Campagne publicitaire de 1983<\/strong><\/h3>\n\n\n\n<p class=\"has-body-font-size\">Cette s\u00e9rie de publicit\u00e9s prim\u00e9es a mis en valeur de fa\u00e7on tr\u00e8s cr\u00e9ative l&rsquo;h\u00e9ritage de Schneiders<sup>\u00ae<\/sup> en mati\u00e8re d&rsquo;ingr\u00e9dients de qualit\u00e9 et de m\u00e9thodes de pr\u00e9paration traditionnelle.<\/p>\n<\/div><\/div><\/div>\n\n\n\n<div class=\"wp-block-schneiders-blocks-timeline-entry\"><div class=\"date-item-wrapper\"><h2 class=\"date-item\">1994<\/h2><\/div><div class=\"timeline-content timeline-content-row-reverse\"><div class=\"media-block\"><img decoding=\"async\" src=\"https:\/\/schneiders.ca\/wp-content\/uploads\/sites\/13\/2023\/04\/12.png\" alt=\"\"\/><\/div><div class=\"description-block\"><span class=\"index\">12<\/span>\n<h3 class=\"wp-block-heading has-h-3-font-size\"><strong>Les produits \u00ab&nbsp;Olde Fashioned&nbsp;\u00bb<\/strong><\/h3>\n\n\n\n<p class=\"has-body-font-size\">La gamme \u00ab Olde Fashioned \u00bb, incluant la dinde et le jambon fum\u00e9s, a \u00e9t\u00e9 fabriqu\u00e9e selon les recettes originales de J.M. et a \u00e9t\u00e9 garantie personnellement par son petit-fils, Fred.<\/p>\n<\/div><\/div><\/div>\n\n\n\n<div class=\"wp-block-schneiders-blocks-timeline-entry\"><div class=\"date-item-wrapper\"><h2 class=\"date-item\">1996<\/h2><\/div><div class=\"timeline-content timeline-content-row-reverse\"><div class=\"media-block\"><img decoding=\"async\" src=\"https:\/\/schneiders.ca\/wp-content\/uploads\/sites\/13\/2023\/04\/13.png\" alt=\"\"\/><\/div><div class=\"description-block\"><span class=\"index\">13<\/span>\n<h3 class=\"wp-block-heading has-h-3-font-size\"><strong>Le camion Juicy Jumbos<sup>\u00ae<\/sup><\/strong><\/h3>\n\n\n\n<p class=\"has-body-font-size\">Quelle meilleure fa\u00e7on de faire de la publicit\u00e9 pour les saucisses fum\u00e9es Juicy Jumbos<sup>\u00ae<\/sup>, si populaires, que d&rsquo;utiliser un panneau d&rsquo;affichage roulant? Ce camion d&rsquo;entreprise dit tout : plus grosses, meilleures et plus juteuses.<\/p>\n<\/div><\/div><\/div>\n\n\n\n<div class=\"wp-block-schneiders-blocks-timeline-entry\"><div class=\"date-item-wrapper\"><h2 class=\"date-item\">2013<\/h2><\/div><div class=\"timeline-content timeline-content-row-reverse\"><div class=\"media-block\"><img decoding=\"async\" src=\"https:\/\/schneiders.ca\/wp-content\/uploads\/sites\/13\/2023\/04\/14.png\" alt=\"\"\/><\/div><div class=\"description-block\"><span class=\"index\">14<\/span>\n<h3 class=\"wp-block-heading has-h-3-font-size\"><strong>Enseigne embl\u00e9matique Schneiders<sup>\u00ae<\/sup><\/strong><\/h3>\n\n\n\n<p class=\"has-body-font-size\">Depuis 1961, une enseigne g\u00e9ante Schneiders<sup>\u00ae<\/sup> accueille les automobilistes qui se rendent \u00e0 Kitchener. Reconstruite et num\u00e9ris\u00e9e en 2013, elle est toujours&nbsp;\u00ab Renomm\u00e9e pour sa qualit\u00e9 \u00bb. <\/p>\n<\/div><\/div><\/div>\n\n\n\n<div class=\"wp-block-schneiders-blocks-timeline-entry\"><div class=\"date-item-wrapper\"><h2 class=\"date-item\">2016<\/h2><\/div><div class=\"timeline-content timeline-content-row-reverse\"><div class=\"media-block\"><img decoding=\"async\" src=\"https:\/\/schneiders.ca\/wp-content\/uploads\/sites\/13\/2023\/04\/15.png\" alt=\"\"\/><\/div><div class=\"description-block\"><span class=\"index\">15<\/span>\n<h3 class=\"wp-block-heading has-h-3-font-size\"><strong>Un regard sur notre marque de commerce au fil des ans<\/strong><\/h3>\n\n\n\n<p>Le logo a des racines europ\u00e9ennes. Il \u00e9voque l&rsquo;h\u00e9ritage allemand de Pennsylvanie<br>ou Deutsch Pennsylvania de Schneiders<sup>\u00ae<\/sup>, et inclut une petite hollandaise portant un bonnet et qui repr\u00e9senta une image saine. <\/p>\n<\/div><\/div><\/div>\n<\/div>\n\n\n\t<style type=\"text\/css\">\n\t\t.wp-block-tk-spacer.id-05c6423f-41e8-4cac-9760-36418e281f23 {\n\t\theight: 50px;\n\t}\n\n\t@media ( max-width: 640px ) {\n\t\t.wp-block-tk-spacer.id-05c6423f-41e8-4cac-9760-36418e281f23 {\n\t\t\theight: 95px;\n\t\t}\n\t}\t<\/style>\n\t<div class=\"wp-block-tk-spacer id-05c6423f-41e8-4cac-9760-36418e281f23\" aria-hidden=\"true\"><\/div>\n\t<\/div>\n","protected":false},"excerpt":{"rendered":"<p>Les d\u00e9buts Notre histoire canadienne a commenc\u00e9 en 1890. Depuis le d\u00e9but, nous nous sommes concentr\u00e9s sur des produits de qualit\u00e9 con\u00e7us selon des recettes authentiques et familiales, suivant les attentes de nos clients. Les attentes sont toujours les m\u00eames aujourd\u2019hui.<\/p>\n","protected":false},"author":2,"featured_media":0,"parent":0,"menu_order":0,"comment_status":"closed","ping_status":"closed","template":"","meta":{"footnotes":""},"class_list":["post-21","page","type-page","status-publish","hentry"],"acf":[],"yoast_head":"<!-- This site is optimized with the Yoast SEO plugin v21.7 - https:\/\/yoast.com\/wordpress\/plugins\/seo\/ -->\n<title>Notre histoire - Schneiders<\/title>\n<meta name=\"robots\" content=\"index, follow, max-snippet:-1, max-image-preview:large, max-video-preview:-1\" \/>\n<link rel=\"canonical\" href=\"https:\/\/schneiders.ca\/fr\/notre-histoire\/\" \/>\n<meta property=\"og:locale\" content=\"fr_FR\" \/>\n<meta property=\"og:type\" content=\"article\" \/>\n<meta property=\"og:title\" content=\"Notre histoire - Schneiders\" \/>\n<meta property=\"og:description\" content=\"Les d\u00e9buts Notre histoire canadienne a commenc\u00e9 en 1890. Depuis le d\u00e9but, nous nous sommes concentr\u00e9s sur des produits de qualit\u00e9 con\u00e7us selon des recettes authentiques et familiales, suivant les attentes de nos clients. Les attentes sont toujours les m\u00eames aujourd\u2019hui.\" \/>\n<meta property=\"og:url\" content=\"https:\/\/schneiders.ca\/fr\/notre-histoire\/\" \/>\n<meta property=\"og:site_name\" content=\"Schneiders\" \/>\n<meta property=\"article:modified_time\" content=\"2025-02-28T20:57:20+00:00\" \/>\n<meta property=\"og:image\" content=\"https:\/\/schneiders.ca\/wp-content\/uploads\/sites\/13\/2023\/04\/720x720_Image3_1890-Schneider-on-a-Horse@2x-scaled.jpg\" \/>\n<meta name=\"twitter:card\" content=\"summary_large_image\" \/>\n<script type=\"application\/ld+json\" class=\"yoast-schema-graph\">{\"@context\":\"https:\/\/schema.org\",\"@graph\":[{\"@type\":\"WebPage\",\"@id\":\"https:\/\/schneiders.ca\/fr\/notre-histoire\/\",\"url\":\"https:\/\/schneiders.ca\/fr\/notre-histoire\/\",\"name\":\"Notre histoire - Schneiders\",\"isPartOf\":{\"@id\":\"https:\/\/schneiders.ca\/fr\/#website\"},\"datePublished\":\"2023-03-02T10:32:24+00:00\",\"dateModified\":\"2025-02-28T20:57:20+00:00\",\"breadcrumb\":{\"@id\":\"https:\/\/schneiders.ca\/fr\/notre-histoire\/#breadcrumb\"},\"inLanguage\":\"fr-FR\",\"potentialAction\":[{\"@type\":\"ReadAction\",\"target\":[\"https:\/\/schneiders.ca\/fr\/notre-histoire\/\"]}]},{\"@type\":\"BreadcrumbList\",\"@id\":\"https:\/\/schneiders.ca\/fr\/notre-histoire\/#breadcrumb\",\"itemListElement\":[{\"@type\":\"ListItem\",\"position\":1,\"name\":\"Home\",\"item\":\"https:\/\/schneiders.ca\/fr\/\"},{\"@type\":\"ListItem\",\"position\":2,\"name\":\"Notre histoire\"}]},{\"@type\":\"WebSite\",\"@id\":\"https:\/\/schneiders.ca\/fr\/#website\",\"url\":\"https:\/\/schneiders.ca\/fr\/\",\"name\":\"Schneiders\",\"description\":\"La qualit\u00e9 n\u2019a pas d\u2019\u00e2ge\",\"publisher\":{\"@id\":\"https:\/\/schneiders.ca\/fr\/#organization\"},\"potentialAction\":[{\"@type\":\"SearchAction\",\"target\":{\"@type\":\"EntryPoint\",\"urlTemplate\":\"https:\/\/schneiders.ca\/fr\/?s={search_term_string}\"},\"query-input\":\"required name=search_term_string\"}],\"inLanguage\":\"fr-FR\"},{\"@type\":\"Organization\",\"@id\":\"https:\/\/schneiders.ca\/fr\/#organization\",\"name\":\"Schneiders\",\"url\":\"https:\/\/schneiders.ca\/fr\/\",\"logo\":{\"@type\":\"ImageObject\",\"inLanguage\":\"fr-FR\",\"@id\":\"https:\/\/schneiders.ca\/fr\/#\/schema\/logo\/image\/\",\"url\":\"https:\/\/schneiders.ca\/fr\/wp-content\/uploads\/sites\/14\/2023\/06\/schneiders-logo-4.png\",\"contentUrl\":\"https:\/\/schneiders.ca\/fr\/wp-content\/uploads\/sites\/14\/2023\/06\/schneiders-logo-4.png\",\"width\":261,\"height\":145,\"caption\":\"Schneiders\"},\"image\":{\"@id\":\"https:\/\/schneiders.ca\/fr\/#\/schema\/logo\/image\/\"}}]}<\/script>\n<!-- \/ Yoast SEO plugin. -->","yoast_head_json":{"title":"Notre histoire - Schneiders","robots":{"index":"index","follow":"follow","max-snippet":"max-snippet:-1","max-image-preview":"max-image-preview:large","max-video-preview":"max-video-preview:-1"},"canonical":"https:\/\/schneiders.ca\/fr\/notre-histoire\/","og_locale":"fr_FR","og_type":"article","og_title":"Notre histoire - Schneiders","og_description":"Les d\u00e9buts Notre histoire canadienne a commenc\u00e9 en 1890. Depuis le d\u00e9but, nous nous sommes concentr\u00e9s sur des produits de qualit\u00e9 con\u00e7us selon des recettes authentiques et familiales, suivant les attentes de nos clients. Les attentes sont toujours les m\u00eames aujourd\u2019hui.","og_url":"https:\/\/schneiders.ca\/fr\/notre-histoire\/","og_site_name":"Schneiders","article_modified_time":"2025-02-28T20:57:20+00:00","og_image":[{"url":"https:\/\/schneiders.ca\/wp-content\/uploads\/sites\/13\/2023\/04\/720x720_Image3_1890-Schneider-on-a-Horse@2x-scaled.jpg"}],"twitter_card":"summary_large_image","schema":{"@context":"https:\/\/schema.org","@graph":[{"@type":"WebPage","@id":"https:\/\/schneiders.ca\/fr\/notre-histoire\/","url":"https:\/\/schneiders.ca\/fr\/notre-histoire\/","name":"Notre histoire - Schneiders","isPartOf":{"@id":"https:\/\/schneiders.ca\/fr\/#website"},"datePublished":"2023-03-02T10:32:24+00:00","dateModified":"2025-02-28T20:57:20+00:00","breadcrumb":{"@id":"https:\/\/schneiders.ca\/fr\/notre-histoire\/#breadcrumb"},"inLanguage":"fr-FR","potentialAction":[{"@type":"ReadAction","target":["https:\/\/schneiders.ca\/fr\/notre-histoire\/"]}]},{"@type":"BreadcrumbList","@id":"https:\/\/schneiders.ca\/fr\/notre-histoire\/#breadcrumb","itemListElement":[{"@type":"ListItem","position":1,"name":"Home","item":"https:\/\/schneiders.ca\/fr\/"},{"@type":"ListItem","position":2,"name":"Notre histoire"}]},{"@type":"WebSite","@id":"https:\/\/schneiders.ca\/fr\/#website","url":"https:\/\/schneiders.ca\/fr\/","name":"Schneiders","description":"La qualit\u00e9 n\u2019a pas d\u2019\u00e2ge","publisher":{"@id":"https:\/\/schneiders.ca\/fr\/#organization"},"potentialAction":[{"@type":"SearchAction","target":{"@type":"EntryPoint","urlTemplate":"https:\/\/schneiders.ca\/fr\/?s={search_term_string}"},"query-input":"required name=search_term_string"}],"inLanguage":"fr-FR"},{"@type":"Organization","@id":"https:\/\/schneiders.ca\/fr\/#organization","name":"Schneiders","url":"https:\/\/schneiders.ca\/fr\/","logo":{"@type":"ImageObject","inLanguage":"fr-FR","@id":"https:\/\/schneiders.ca\/fr\/#\/schema\/logo\/image\/","url":"https:\/\/schneiders.ca\/fr\/wp-content\/uploads\/sites\/14\/2023\/06\/schneiders-logo-4.png","contentUrl":"https:\/\/schneiders.ca\/fr\/wp-content\/uploads\/sites\/14\/2023\/06\/schneiders-logo-4.png","width":261,"height":145,"caption":"Schneiders"},"image":{"@id":"https:\/\/schneiders.ca\/fr\/#\/schema\/logo\/image\/"}}]}},"jetpack_sharing_enabled":true,"_links":{"self":[{"href":"https:\/\/schneiders.ca\/fr\/wp-json\/wp\/v2\/pages\/21"}],"collection":[{"href":"https:\/\/schneiders.ca\/fr\/wp-json\/wp\/v2\/pages"}],"about":[{"href":"https:\/\/schneiders.ca\/fr\/wp-json\/wp\/v2\/types\/page"}],"author":[{"embeddable":true,"href":"https:\/\/schneiders.ca\/fr\/wp-json\/wp\/v2\/users\/2"}],"replies":[{"embeddable":true,"href":"https:\/\/schneiders.ca\/fr\/wp-json\/wp\/v2\/comments?post=21"}],"version-history":[{"count":4,"href":"https:\/\/schneiders.ca\/fr\/wp-json\/wp\/v2\/pages\/21\/revisions"}],"predecessor-version":[{"id":61656,"href":"https:\/\/schneiders.ca\/fr\/wp-json\/wp\/v2\/pages\/21\/revisions\/61656"}],"wp:attachment":[{"href":"https:\/\/schneiders.ca\/fr\/wp-json\/wp\/v2\/media?parent=21"}],"curies":[{"name":"wp","href":"https:\/\/api.w.org\/{rel}","templated":true}]}}