{"id":42,"date":"2023-05-15T18:38:12","date_gmt":"2023-05-15T18:38:12","guid":{"rendered":"https:\/\/staging.schneiders.ca\/fr\/?page_id=42"},"modified":"2023-09-29T13:36:02","modified_gmt":"2023-09-29T13:36:02","slug":"bulletin","status":"publish","type":"page","link":"https:\/\/schneiders.ca\/fr\/bulletin\/","title":{"rendered":"Bulletin"},"content":{"rendered":"\n<div class=\"wp-block-group alignfull has-white-background-color has-background is-layout-constrained wp-block-group-is-layout-constrained\">\n<div class=\"wp-block-group is-layout-constrained wp-container-core-group-is-layout-1 wp-block-group-is-layout-constrained\">\t<style type=\"text\/css\">\n\t\t.wp-block-tk-spacer.id-1c5a5139-ea76-4e8a-aa1b-fadebce1248e {\n\t\theight: 100px;\n\t}\n\n\t@media ( max-width: 640px ) {\n\t\t.wp-block-tk-spacer.id-1c5a5139-ea76-4e8a-aa1b-fadebce1248e {\n\t\t\theight: 10px;\n\t\t}\n\t}\t<\/style>\n\t<div class=\"wp-block-tk-spacer id-1c5a5139-ea76-4e8a-aa1b-fadebce1248e\" aria-hidden=\"true\"><\/div>\n\t\n\n\n<h1 class=\"wp-block-heading has-text-align-center has-h-2-font-size has-black-color has-text-color\">Rejoignez notre liste de diffusion<\/h1>\n\n\n<script type=\"text\/javascript\">var gform;gform||(document.addEventListener(\"gform_main_scripts_loaded\",function(){gform.scriptsLoaded=!0}),window.addEventListener(\"DOMContentLoaded\",function(){gform.domLoaded=!0}),gform={domLoaded:!1,scriptsLoaded:!1,initializeOnLoaded:function(o){gform.domLoaded&&gform.scriptsLoaded?o():!gform.domLoaded&&gform.scriptsLoaded?window.addEventListener(\"DOMContentLoaded\",o):document.addEventListener(\"gform_main_scripts_loaded\",o)},hooks:{action:{},filter:{}},addAction:function(o,n,r,t){gform.addHook(\"action\",o,n,r,t)},addFilter:function(o,n,r,t){gform.addHook(\"filter\",o,n,r,t)},doAction:function(o){gform.doHook(\"action\",o,arguments)},applyFilters:function(o){return gform.doHook(\"filter\",o,arguments)},removeAction:function(o,n){gform.removeHook(\"action\",o,n)},removeFilter:function(o,n,r){gform.removeHook(\"filter\",o,n,r)},addHook:function(o,n,r,t,i){null==gform.hooks[o][n]&&(gform.hooks[o][n]=[]);var e=gform.hooks[o][n];null==i&&(i=n+\"_\"+e.length),gform.hooks[o][n].push({tag:i,callable:r,priority:t=null==t?10:t})},doHook:function(n,o,r){var t;if(r=Array.prototype.slice.call(r,1),null!=gform.hooks[n][o]&&((o=gform.hooks[n][o]).sort(function(o,n){return o.priority-n.priority}),o.forEach(function(o){\"function\"!=typeof(t=o.callable)&&(t=window[t]),\"action\"==n?t.apply(null,r):r[0]=t.apply(null,r)})),\"filter\"==n)return r[0]},removeHook:function(o,n,t,i){var r;null!=gform.hooks[o][n]&&(r=(r=gform.hooks[o][n]).filter(function(o,n,r){return!!(null!=i&&i!=o.tag||null!=t&&t!=o.priority)}),gform.hooks[o][n]=r)}});<\/script>\n                <div class='gf_browser_gecko gform_wrapper gravity-theme gform-theme--no-framework' data-form-theme='gravity-theme' data-form-index='0' id='gform_wrapper_2' ><style>#gform_wrapper_2[data-form-index=\"0\"].gform-theme,[data-parent-form=\"2_0\"]{--gf-color-primary: #204ce5;--gf-color-primary-rgb: 32, 76, 229;--gf-color-primary-contrast: #fff;--gf-color-primary-contrast-rgb: 255, 255, 255;--gf-color-primary-darker: #001AB3;--gf-color-primary-lighter: #527EFF;--gf-color-secondary: #fff;--gf-color-secondary-rgb: 255, 255, 255;--gf-color-secondary-contrast: #112337;--gf-color-secondary-contrast-rgb: 17, 35, 55;--gf-color-secondary-darker: #F5F5F5;--gf-color-secondary-lighter: #FFFFFF;--gf-color-out-ctrl-light: rgba(17, 35, 55, 0.1);--gf-color-out-ctrl-light-rgb: 17, 35, 55;--gf-color-out-ctrl-light-darker: rgba(104, 110, 119, 0.35);--gf-color-out-ctrl-light-lighter: #F5F5F5;--gf-color-out-ctrl-dark: #585e6a;--gf-color-out-ctrl-dark-rgb: 88, 94, 106;--gf-color-out-ctrl-dark-darker: #112337;--gf-color-out-ctrl-dark-lighter: rgba(17, 35, 55, 0.65);--gf-color-in-ctrl: #fff;--gf-color-in-ctrl-rgb: 255, 255, 255;--gf-color-in-ctrl-contrast: #112337;--gf-color-in-ctrl-contrast-rgb: 17, 35, 55;--gf-color-in-ctrl-darker: #F5F5F5;--gf-color-in-ctrl-lighter: #FFFFFF;--gf-color-in-ctrl-primary: #204ce5;--gf-color-in-ctrl-primary-rgb: 32, 76, 229;--gf-color-in-ctrl-primary-contrast: #fff;--gf-color-in-ctrl-primary-contrast-rgb: 255, 255, 255;--gf-color-in-ctrl-primary-darker: #001AB3;--gf-color-in-ctrl-primary-lighter: #527EFF;--gf-color-in-ctrl-light: rgba(17, 35, 55, 0.1);--gf-color-in-ctrl-light-rgb: 17, 35, 55;--gf-color-in-ctrl-light-darker: rgba(104, 110, 119, 0.35);--gf-color-in-ctrl-light-lighter: #F5F5F5;--gf-color-in-ctrl-dark: #585e6a;--gf-color-in-ctrl-dark-rgb: 88, 94, 106;--gf-color-in-ctrl-dark-darker: #112337;--gf-color-in-ctrl-dark-lighter: rgba(17, 35, 55, 0.65);--gf-radius: 3px;--gf-font-size-secondary: 14px;--gf-font-size-tertiary: 13px;--gf-icon-ctrl-number: url(\"data:image\/svg+xml,%3Csvg width='8' height='14' viewBox='0 0 8 14' fill='none' xmlns='http:\/\/www.w3.org\/2000\/svg'%3E%3Cpath fill-rule='evenodd' clip-rule='evenodd' d='M4 0C4.26522 5.96046e-08 4.51957 0.105357 4.70711 0.292893L7.70711 3.29289C8.09763 3.68342 8.09763 4.31658 7.70711 4.70711C7.31658 5.09763 6.68342 5.09763 6.29289 4.70711L4 2.41421L1.70711 4.70711C1.31658 5.09763 0.683417 5.09763 0.292893 4.70711C-0.0976311 4.31658 -0.097631 3.68342 0.292893 3.29289L3.29289 0.292893C3.48043 0.105357 3.73478 0 4 0ZM0.292893 9.29289C0.683417 8.90237 1.31658 8.90237 1.70711 9.29289L4 11.5858L6.29289 9.29289C6.68342 8.90237 7.31658 8.90237 7.70711 9.29289C8.09763 9.68342 8.09763 10.3166 7.70711 10.7071L4.70711 13.7071C4.31658 14.0976 3.68342 14.0976 3.29289 13.7071L0.292893 10.7071C-0.0976311 10.3166 -0.0976311 9.68342 0.292893 9.29289Z' fill='rgba(17, 35, 55, 0.65)'\/%3E%3C\/svg%3E\");--gf-icon-ctrl-select: url(\"data:image\/svg+xml,%3Csvg width='10' height='6' viewBox='0 0 10 6' fill='none' xmlns='http:\/\/www.w3.org\/2000\/svg'%3E%3Cpath fill-rule='evenodd' clip-rule='evenodd' d='M0.292893 0.292893C0.683417 -0.097631 1.31658 -0.097631 1.70711 0.292893L5 3.58579L8.29289 0.292893C8.68342 -0.0976311 9.31658 -0.0976311 9.70711 0.292893C10.0976 0.683417 10.0976 1.31658 9.70711 1.70711L5.70711 5.70711C5.31658 6.09763 4.68342 6.09763 4.29289 5.70711L0.292893 1.70711C-0.0976311 1.31658 -0.0976311 0.683418 0.292893 0.292893Z' fill='rgba(17, 35, 55, 0.65)'\/%3E%3C\/svg%3E\");--gf-icon-ctrl-search: url(\"data:image\/svg+xml,%3Csvg version='1.1' xmlns='http:\/\/www.w3.org\/2000\/svg' width='640' height='640'%3E%3Cpath d='M256 128c-70.692 0-128 57.308-128 128 0 70.691 57.308 128 128 128 70.691 0 128-57.309 128-128 0-70.692-57.309-128-128-128zM64 256c0-106.039 85.961-192 192-192s192 85.961 192 192c0 41.466-13.146 79.863-35.498 111.248l154.125 154.125c12.496 12.496 12.496 32.758 0 45.254s-32.758 12.496-45.254 0L367.248 412.502C335.862 434.854 297.467 448 256 448c-106.039 0-192-85.962-192-192z' fill='rgba(17, 35, 55, 0.65)'\/%3E%3C\/svg%3E\");--gf-label-space-y-secondary: var(--gf-label-space-y-md-secondary);--gf-ctrl-border-color: #686e77;--gf-ctrl-size: var(--gf-ctrl-size-md);--gf-ctrl-label-color-primary: #112337;--gf-ctrl-label-color-secondary: #112337;--gf-ctrl-choice-size: var(--gf-ctrl-choice-size-md);--gf-ctrl-checkbox-check-size: var(--gf-ctrl-checkbox-check-size-md);--gf-ctrl-radio-check-size: var(--gf-ctrl-radio-check-size-md);--gf-ctrl-btn-font-size: var(--gf-ctrl-btn-font-size-md);--gf-ctrl-btn-padding-x: var(--gf-ctrl-btn-padding-x-md);--gf-ctrl-btn-size: var(--gf-ctrl-btn-size-md);--gf-ctrl-btn-border-color-secondary: #686e77;--gf-ctrl-file-btn-bg-color-hover: #EBEBEB;--gf-field-pg-steps-number-color: rgba(17, 35, 55, 0.8);}<\/style>\n                        <div class='gform_heading'>\n                            <p class='gform_description'>Vous avez envie de recettes bien pr\u00e9par\u00e9es, de nouvelles sur les nouveaux produits, de conseils, d&rsquo;\u00e9conomies et plus encore? Inscrivez-vous \u00e0 notre bulletin pour recevoir les bonnes nouvelles directement dans votre bo\u00eete de r\u00e9ception.<\/p>\n                        <\/div><form method='post' enctype='multipart\/form-data'  id='gform_2'  action='\/fr\/wp-json\/wp\/v2\/pages\/42\/' data-formid='2' novalidate>\n                        <div class='gform-body gform_body'><div id='gform_fields_2' class='gform_fields top_label form_sublabel_below description_below'><fieldset id=\"field_2_1\" class=\"gfield gfield--type-name full-width gfield_contains_required field_sublabel_hidden_label gfield--no-description field_description_above hidden_label gfield_visibility_visible\"  data-js-reload=\"field_2_1\" ><legend class='gfield_label gform-field-label gfield_label_before_complex' >Name&nbsp;<span class=\"gfield_required\"><span class=\"gfield_required gfield_required_text\">(N\u00e9cessaire)<\/span><\/span><\/legend><div class='ginput_complex ginput_container ginput_container--name no_prefix has_first_name no_middle_name has_last_name no_suffix gf_name_has_2 ginput_container_name gform-grid-row' id='input_2_1'>\n                            \n                            <span id='input_2_1_3_container' class='name_first gform-grid-col gform-grid-col--size-auto' >\n                                                    <input type='text' name='input_1.3' id='input_2_1_3' value=''   aria-required='true'   placeholder='Pr\u00e9nom'  \/>\n                                                    <label for='input_2_1_3' class='gform-field-label gform-field-label--type-sub hidden_sub_label screen-reader-text'>Pr\u00e9nom<\/label>\n                                                <\/span>\n                            \n                            <span id='input_2_1_6_container' class='name_last gform-grid-col gform-grid-col--size-auto' >\n                                                    <input type='text' name='input_1.6' id='input_2_1_6' value=''   aria-required='true'   placeholder='Nom'  \/>\n                                                    <label for='input_2_1_6' class='gform-field-label gform-field-label--type-sub hidden_sub_label screen-reader-text'>Nom<\/label>\n                                                <\/span>\n                            \n                        <\/div><\/fieldset><div id=\"field_2_2\" class=\"gfield gfield--type-date gfield--input-type-datepicker gfield--datepicker-default-icon gfield--width-full full-width gfield_contains_required field_sublabel_below gfield--has-description field_description_below hidden_label gfield_visibility_visible\"  data-js-reload=\"field_2_2\" ><label class='gfield_label gform-field-label' for='input_2_2'>Birth Date&nbsp;<span class=\"gfield_required\"><span class=\"gfield_required gfield_required_text\">(N\u00e9cessaire)<\/span><\/span><\/label><div class='ginput_container ginput_container_date'>\n                            <input name='input_2' id='input_2_2' type='text' value='' class='datepicker gform-datepicker ymd_dash datepicker_with_icon gdatepicker_with_icon'   placeholder='Date de naissance YYYY\/MM\/DD' aria-describedby=\"input_2_2_date_format gfield_description_2_2\" aria-invalid=\"false\" aria-required=\"true\"\/>\n                            <span id='input_2_2_date_format' class='screen-reader-text'>AAAA &#8211; MM &#8211; JJ<\/span>\n                        <\/div>\n                        <input type='hidden' id='gforms_calendar_icon_input_2_2' class='gform_hidden' value='https:\/\/schneiders.ca\/fr\/wp-content\/plugins\/gravityforms\/images\/datepicker\/datepicker.svg'\/><div class='gfield_description' id='gfield_description_2_2'>Vous devez avoir de 13 ans pour vous inscrire \u00e0 notre bulletin.<\/div><\/div><div id=\"field_2_5\" class=\"gfield gfield--type-email full-width gfield_contains_required field_sublabel_below gfield--no-description field_description_below hidden_label gfield_visibility_visible\"  data-js-reload=\"field_2_5\" ><label class='gfield_label gform-field-label' for='input_2_5'>Email&nbsp;<span class=\"gfield_required\"><span class=\"gfield_required gfield_required_text\">(N\u00e9cessaire)<\/span><\/span><\/label><div class='ginput_container ginput_container_email'>\n                            <input name='input_5' id='input_2_5' type='email' value='' class='large'   placeholder='Courriel' aria-required=\"true\" aria-invalid=\"false\"  \/>\n                        <\/div><\/div><fieldset id=\"field_2_6\" class=\"gfield gfield--type-address full-width field_sublabel_hidden_label gfield--no-description field_description_above hidden_label gfield_visibility_visible\"  data-js-reload=\"field_2_6\" ><legend class='gfield_label gform-field-label screen-reader-text gfield_label_before_complex' ><\/legend>    \n                    <div class='ginput_complex ginput_container has_state has_zip ginput_container_address gform-grid-row' id='input_2_6' >\n                        <span class='ginput_right address_state ginput_address_state gform-grid-col' id='input_2_6_4_container' >\n                                        <input type='text' name='input_6.4' id='input_2_6_4' value=''     placeholder='Province' aria-required='false'    \/>\n                                        <label for='input_2_6_4' id='input_2_6_4_label' class='gform-field-label gform-field-label--type-sub hidden_sub_label screen-reader-text'>\u00c9tat\/Province\/R\u00e9gion<\/label>\n                                      <\/span><span class='ginput_left address_zip ginput_address_zip gform-grid-col' id='input_2_6_5_container' >\n                                    <input type='text' name='input_6.5' id='input_2_6_5' value=''   placeholder='Code postal' aria-required='false'    \/>\n                                    <label for='input_2_6_5' id='input_2_6_5_label' class='gform-field-label gform-field-label--type-sub hidden_sub_label screen-reader-text'>Code postal<\/label>\n                                <\/span><input type='hidden' class='gform_hidden' name='input_6.6' id='input_2_6_6' value='' \/>\n                    <div class='gf_clear gf_clear_complex'><\/div>\n                <\/div><\/fieldset><fieldset id=\"field_2_7\" class=\"gfield gfield--type-consent gfield--type-choice full-width gfield_contains_required field_sublabel_below gfield--no-description field_description_below hidden_label gfield_visibility_visible\"  data-js-reload=\"field_2_7\" ><legend class='gfield_label gform-field-label gfield_label_before_complex' >Consent<span class=\"gfield_required\"><span class=\"gfield_required gfield_required_text\">(N\u00e9cessaire)<\/span><\/span><\/legend><div class='ginput_container ginput_container_consent'><input name='input_7.1' id='input_2_7_1' type='checkbox' value='1'   aria-required=\"true\" aria-invalid=\"false\"   \/> <label class=\"gform-field-label gform-field-label--type-inline gfield_consent_label\" for='input_2_7_1' >Oui, j\u2019aimerais recevoir des courriels de mises \u00e0 jour sur les nouvelles, les nouveaux produits et les concours de Schneiders\u00ae ainsi que de ses filiales et soci\u00e9t\u00e9s associ\u00e9es. Je comprends que je peux me d\u00e9sabonner en tout temps. Pour obtenir plus d\u2019information sur notre utilisation de vos renseignements personnels, nous vous prions de lire notre <a href=\"https:\/\/www.mapleleaffoods.com\/fr\/enonce-de-confidentialite\/\">\u00c9nonc\u00e9 de confidentialit\u00e9<\/a>.<span class=\"gfield_required gfield_required_text\">(N\u00e9cessaire)<\/span><\/label><input type='hidden' name='input_7.2' value='Oui, j\u2019aimerais recevoir des courriels de mises \u00e0 jour sur les nouvelles, les nouveaux produits et les concours de Schneiders\u00ae ainsi que de ses filiales et soci\u00e9t\u00e9s associ\u00e9es. Je comprends que je peux me d\u00e9sabonner en tout temps. Pour obtenir plus d\u2019information sur notre utilisation de vos renseignements personnels, nous vous prions de lire notre &lt;a href=&quot;https:\/\/www.mapleleaffoods.com\/fr\/enonce-de-confidentialite\/&quot;&gt;\u00c9nonc\u00e9 de confidentialit\u00e9&lt;\/a&gt;.' class='gform_hidden' \/><input type='hidden' name='input_7.3' value='1' class='gform_hidden' \/><\/div><\/fieldset><div id=\"field_2_9\" class=\"gfield gfield--type-html gfield--width-full gfield_html gfield_html_formatted gfield_no_follows_desc field_sublabel_below gfield--no-description field_description_below gfield_visibility_hidden\"  data-js-reload=\"field_2_9\" ><p>By submitting this form, I consent to receive email updates about news, new products and contests from Maple Leaf Foods and its associated and affiliated companies. I understand that I can unsubscribe at any time. For more information on how we use your personal information please read our <a href=\"https:\/\/www.mapleleaf.ca\/privacy-policy\/\">Privacy Policy<\/a>.<\/p><\/div><\/div><\/div>\n        <div class='gform_footer top_label'> <input type='submit' id='gform_submit_button_2' class='gform_button button' value='Abonnez-vous \u00e0 notre bulletin'  onclick='if(window[\"gf_submitting_2\"]){return false;}  if( !jQuery(\"#gform_2\")[0].checkValidity || jQuery(\"#gform_2\")[0].checkValidity()){window[\"gf_submitting_2\"]=true;}  ' onkeypress='if( event.keyCode == 13 ){ if(window[\"gf_submitting_2\"]){return false;} if( !jQuery(\"#gform_2\")[0].checkValidity || jQuery(\"#gform_2\")[0].checkValidity()){window[\"gf_submitting_2\"]=true;}  jQuery(\"#gform_2\").trigger(\"submit\",[true]); }' \/> \n            <input type='hidden' class='gform_hidden' name='is_submit_2' value='1' \/>\n            <input type='hidden' class='gform_hidden' name='gform_submit' value='2' \/>\n            \n            <input type='hidden' class='gform_hidden' name='gform_unique_id' value='' \/>\n            <input type='hidden' class='gform_hidden' name='state_2' value='WyJ7XCI3LjFcIjpcImM5ZTdkMmI1MDgwMWZiY2MyYjVhZTkyOTQ1MGY3N2NlXCIsXCI3LjJcIjpcIjNlNmZmMWVhMTU5YzRiNWY0YWZmNzdhMTc5YjZkZGJmXCIsXCI3LjNcIjpcImM5ZTdkMmI1MDgwMWZiY2MyYjVhZTkyOTQ1MGY3N2NlXCJ9IiwiYWRhMDk0NTY5YTQ3Yzg4NDlmM2E2MzNhMDJkYmEzOGIiXQ==' \/>\n            <input type='hidden' class='gform_hidden' name='gform_target_page_number_2' id='gform_target_page_number_2' value='0' \/>\n            <input type='hidden' class='gform_hidden' name='gform_source_page_number_2' id='gform_source_page_number_2' value='1' \/>\n            <input type='hidden' name='gform_field_values' value='' \/>\n            \n        <\/div>\n                        <\/form>\n                        <\/div><script type=\"text\/javascript\">\n\/* <![CDATA[ *\/\n gform.initializeOnLoaded( function() {gformInitSpinner( 2, 'https:\/\/schneiders.ca\/fr\/wp-content\/plugins\/gravityforms\/images\/spinner.svg', true );jQuery('#gform_ajax_frame_2').on('load',function(){var contents = jQuery(this).contents().find('*').html();var is_postback = contents.indexOf('GF_AJAX_POSTBACK') >= 0;if(!is_postback){return;}var form_content = jQuery(this).contents().find('#gform_wrapper_2');var is_confirmation = jQuery(this).contents().find('#gform_confirmation_wrapper_2').length > 0;var is_redirect = contents.indexOf('gformRedirect(){') >= 0;var is_form = form_content.length > 0 && ! is_redirect && ! is_confirmation;var mt = parseInt(jQuery('html').css('margin-top'), 10) + parseInt(jQuery('body').css('margin-top'), 10) + 100;if(is_form){jQuery('#gform_wrapper_2').html(form_content.html());if(form_content.hasClass('gform_validation_error')){jQuery('#gform_wrapper_2').addClass('gform_validation_error');} else {jQuery('#gform_wrapper_2').removeClass('gform_validation_error');}setTimeout( function() { \/* delay the scroll by 50 milliseconds to fix a bug in chrome *\/  }, 50 );if(window['gformInitDatepicker']) {gformInitDatepicker();}if(window['gformInitPriceFields']) {gformInitPriceFields();}var current_page = jQuery('#gform_source_page_number_2').val();gformInitSpinner( 2, 'https:\/\/schneiders.ca\/fr\/wp-content\/plugins\/gravityforms\/images\/spinner.svg', true );jQuery(document).trigger('gform_page_loaded', [2, current_page]);window['gf_submitting_2'] = false;}else if(!is_redirect){var confirmation_content = jQuery(this).contents().find('.GF_AJAX_POSTBACK').html();if(!confirmation_content){confirmation_content = contents;}setTimeout(function(){jQuery('#gform_wrapper_2').replaceWith(confirmation_content);jQuery(document).trigger('gform_confirmation_loaded', [2]);window['gf_submitting_2'] = false;wp.a11y.speak(jQuery('#gform_confirmation_message_2').text());}, 50);}else{jQuery('#gform_2').append(contents);if(window['gformRedirect']) {gformRedirect();}}jQuery(document).trigger('gform_post_render', [2, current_page]);gform.utils.trigger({ event: 'gform\/postRender', native: false, data: { formId: 2, currentPage: current_page } });} );} ); \n\/* ]]> *\/\n<\/script>\n\n\n\t<style type=\"text\/css\">\n\t\t.wp-block-tk-spacer.id-1e7915de-1664-4b81-87d3-c2fb745341b0 {\n\t\theight: 140px;\n\t}\n\n\t@media ( max-width: 640px ) {\n\t\t.wp-block-tk-spacer.id-1e7915de-1664-4b81-87d3-c2fb745341b0 {\n\t\t\theight: 50px;\n\t\t}\n\t}\t<\/style>\n\t<div class=\"wp-block-tk-spacer id-1e7915de-1664-4b81-87d3-c2fb745341b0\" aria-hidden=\"true\"><\/div>\n\t<\/div>\n<\/div>\n","protected":false},"excerpt":{"rendered":"<p>Rejoignez notre liste de diffusion<\/p>\n","protected":false},"author":2,"featured_media":0,"parent":0,"menu_order":0,"comment_status":"closed","ping_status":"closed","template":"","meta":{"footnotes":""},"class_list":["post-42","page","type-page","status-publish","hentry"],"acf":[],"yoast_head":"<!-- This site is optimized with the Yoast SEO plugin v21.7 - https:\/\/yoast.com\/wordpress\/plugins\/seo\/ -->\n<title>Bulletin - Schneiders<\/title>\n<meta name=\"robots\" content=\"index, follow, max-snippet:-1, max-image-preview:large, max-video-preview:-1\" \/>\n<link rel=\"canonical\" href=\"https:\/\/schneiders.ca\/fr\/bulletin\/\" \/>\n<meta property=\"og:locale\" content=\"fr_FR\" \/>\n<meta property=\"og:type\" content=\"article\" \/>\n<meta property=\"og:title\" content=\"Bulletin - Schneiders\" \/>\n<meta property=\"og:description\" content=\"Rejoignez notre liste de diffusion\" \/>\n<meta property=\"og:url\" content=\"https:\/\/schneiders.ca\/fr\/bulletin\/\" \/>\n<meta property=\"og:site_name\" content=\"Schneiders\" \/>\n<meta property=\"article:modified_time\" content=\"2023-09-29T13:36:02+00:00\" \/>\n<meta name=\"twitter:card\" content=\"summary_large_image\" \/>\n<script type=\"application\/ld+json\" class=\"yoast-schema-graph\">{\"@context\":\"https:\/\/schema.org\",\"@graph\":[{\"@type\":\"WebPage\",\"@id\":\"https:\/\/schneiders.ca\/fr\/bulletin\/\",\"url\":\"https:\/\/schneiders.ca\/fr\/bulletin\/\",\"name\":\"Bulletin - Schneiders\",\"isPartOf\":{\"@id\":\"https:\/\/schneiders.ca\/fr\/#website\"},\"datePublished\":\"2023-05-15T18:38:12+00:00\",\"dateModified\":\"2023-09-29T13:36:02+00:00\",\"breadcrumb\":{\"@id\":\"https:\/\/schneiders.ca\/fr\/bulletin\/#breadcrumb\"},\"inLanguage\":\"fr-FR\",\"potentialAction\":[{\"@type\":\"ReadAction\",\"target\":[\"https:\/\/schneiders.ca\/fr\/bulletin\/\"]}]},{\"@type\":\"BreadcrumbList\",\"@id\":\"https:\/\/schneiders.ca\/fr\/bulletin\/#breadcrumb\",\"itemListElement\":[{\"@type\":\"ListItem\",\"position\":1,\"name\":\"Home\",\"item\":\"https:\/\/schneiders.ca\/fr\/\"},{\"@type\":\"ListItem\",\"position\":2,\"name\":\"Bulletin\"}]},{\"@type\":\"WebSite\",\"@id\":\"https:\/\/schneiders.ca\/fr\/#website\",\"url\":\"https:\/\/schneiders.ca\/fr\/\",\"name\":\"Schneiders\",\"description\":\"La qualit\u00e9 n\u2019a pas d\u2019\u00e2ge\",\"publisher\":{\"@id\":\"https:\/\/schneiders.ca\/fr\/#organization\"},\"potentialAction\":[{\"@type\":\"SearchAction\",\"target\":{\"@type\":\"EntryPoint\",\"urlTemplate\":\"https:\/\/schneiders.ca\/fr\/?s={search_term_string}\"},\"query-input\":\"required name=search_term_string\"}],\"inLanguage\":\"fr-FR\"},{\"@type\":\"Organization\",\"@id\":\"https:\/\/schneiders.ca\/fr\/#organization\",\"name\":\"Schneiders\",\"url\":\"https:\/\/schneiders.ca\/fr\/\",\"logo\":{\"@type\":\"ImageObject\",\"inLanguage\":\"fr-FR\",\"@id\":\"https:\/\/schneiders.ca\/fr\/#\/schema\/logo\/image\/\",\"url\":\"https:\/\/schneiders.ca\/fr\/wp-content\/uploads\/sites\/14\/2023\/06\/schneiders-logo-4.png\",\"contentUrl\":\"https:\/\/schneiders.ca\/fr\/wp-content\/uploads\/sites\/14\/2023\/06\/schneiders-logo-4.png\",\"width\":261,\"height\":145,\"caption\":\"Schneiders\"},\"image\":{\"@id\":\"https:\/\/schneiders.ca\/fr\/#\/schema\/logo\/image\/\"}}]}<\/script>\n<!-- \/ Yoast SEO plugin. -->","yoast_head_json":{"title":"Bulletin - Schneiders","robots":{"index":"index","follow":"follow","max-snippet":"max-snippet:-1","max-image-preview":"max-image-preview:large","max-video-preview":"max-video-preview:-1"},"canonical":"https:\/\/schneiders.ca\/fr\/bulletin\/","og_locale":"fr_FR","og_type":"article","og_title":"Bulletin - Schneiders","og_description":"Rejoignez notre liste de diffusion","og_url":"https:\/\/schneiders.ca\/fr\/bulletin\/","og_site_name":"Schneiders","article_modified_time":"2023-09-29T13:36:02+00:00","twitter_card":"summary_large_image","schema":{"@context":"https:\/\/schema.org","@graph":[{"@type":"WebPage","@id":"https:\/\/schneiders.ca\/fr\/bulletin\/","url":"https:\/\/schneiders.ca\/fr\/bulletin\/","name":"Bulletin - Schneiders","isPartOf":{"@id":"https:\/\/schneiders.ca\/fr\/#website"},"datePublished":"2023-05-15T18:38:12+00:00","dateModified":"2023-09-29T13:36:02+00:00","breadcrumb":{"@id":"https:\/\/schneiders.ca\/fr\/bulletin\/#breadcrumb"},"inLanguage":"fr-FR","potentialAction":[{"@type":"ReadAction","target":["https:\/\/schneiders.ca\/fr\/bulletin\/"]}]},{"@type":"BreadcrumbList","@id":"https:\/\/schneiders.ca\/fr\/bulletin\/#breadcrumb","itemListElement":[{"@type":"ListItem","position":1,"name":"Home","item":"https:\/\/schneiders.ca\/fr\/"},{"@type":"ListItem","position":2,"name":"Bulletin"}]},{"@type":"WebSite","@id":"https:\/\/schneiders.ca\/fr\/#website","url":"https:\/\/schneiders.ca\/fr\/","name":"Schneiders","description":"La qualit\u00e9 n\u2019a pas d\u2019\u00e2ge","publisher":{"@id":"https:\/\/schneiders.ca\/fr\/#organization"},"potentialAction":[{"@type":"SearchAction","target":{"@type":"EntryPoint","urlTemplate":"https:\/\/schneiders.ca\/fr\/?s={search_term_string}"},"query-input":"required name=search_term_string"}],"inLanguage":"fr-FR"},{"@type":"Organization","@id":"https:\/\/schneiders.ca\/fr\/#organization","name":"Schneiders","url":"https:\/\/schneiders.ca\/fr\/","logo":{"@type":"ImageObject","inLanguage":"fr-FR","@id":"https:\/\/schneiders.ca\/fr\/#\/schema\/logo\/image\/","url":"https:\/\/schneiders.ca\/fr\/wp-content\/uploads\/sites\/14\/2023\/06\/schneiders-logo-4.png","contentUrl":"https:\/\/schneiders.ca\/fr\/wp-content\/uploads\/sites\/14\/2023\/06\/schneiders-logo-4.png","width":261,"height":145,"caption":"Schneiders"},"image":{"@id":"https:\/\/schneiders.ca\/fr\/#\/schema\/logo\/image\/"}}]}},"jetpack_sharing_enabled":true,"_links":{"self":[{"href":"https:\/\/schneiders.ca\/fr\/wp-json\/wp\/v2\/pages\/42"}],"collection":[{"href":"https:\/\/schneiders.ca\/fr\/wp-json\/wp\/v2\/pages"}],"about":[{"href":"https:\/\/schneiders.ca\/fr\/wp-json\/wp\/v2\/types\/page"}],"author":[{"embeddable":true,"href":"https:\/\/schneiders.ca\/fr\/wp-json\/wp\/v2\/users\/2"}],"replies":[{"embeddable":true,"href":"https:\/\/schneiders.ca\/fr\/wp-json\/wp\/v2\/comments?post=42"}],"version-history":[{"count":2,"href":"https:\/\/schneiders.ca\/fr\/wp-json\/wp\/v2\/pages\/42\/revisions"}],"predecessor-version":[{"id":61081,"href":"https:\/\/schneiders.ca\/fr\/wp-json\/wp\/v2\/pages\/42\/revisions\/61081"}],"wp:attachment":[{"href":"https:\/\/schneiders.ca\/fr\/wp-json\/wp\/v2\/media?parent=42"}],"curies":[{"name":"wp","href":"https:\/\/api.w.org\/{rel}","templated":true}]}}